{"id":226,"date":"2017-11-28T16:10:44","date_gmt":"2017-11-28T15:10:44","guid":{"rendered":"https:\/\/rent.zaapi.net\/?page_id=226"},"modified":"2017-11-28T16:10:44","modified_gmt":"2017-11-28T15:10:44","slug":"conditions-de-reservation","status":"publish","type":"page","link":"https:\/\/rent.zaapi.net\/fr\/conditions-de-reservation\/","title":{"rendered":"Conditions de R\u00e9servation"},"content":{"rendered":"<h2>CONDITIONS DE R\u00c9SERVATION<\/h2>\n<p>S\u2019il vous pla\u00eet v\u00e9rifier avant de confirmer les d\u00e9tails de la r\u00e9servation sont correctes. Vous devez payer l\u2019acompte de 20% par t\u00e9l\u00e9phone, visa .. donnant les d\u00e9tails de votre carte pour garantir la r\u00e9servation ou par virement dans ce cas, nous demandons d\u2019envoyer les coordonn\u00e9es bancaires pour effectuer le transfert. Le solde doit \u00eatre pay\u00e9 par le bien immobilier. En cas d\u2019annulation de la note que ce d\u00e9p\u00f4t n\u2019est pas remboursable avant et d\u2019annuler le reste de la somme au cas o\u00f9 vous ne pouvez pas vous aurez \u00e0 respecter les conditions d\u2019annulation de l\u2019\u00e9tablissement.<\/p>\n<h2>CONDITIONS D\u2019ANNULATION HOSTAL HOUSE<\/h2>\n<p>L\u2019annulation ou la modification de la r\u00e9servation doit \u00eatre faite au moins 48 heures avant la date d\u2019arriv\u00e9e. En cas de violation de la cr\u00e9ation d\u2019annulation peuvent effectuer le paiement d\u2019une nuit d\u2019h\u00e9bergement en dehors de l\u2019acompte d\u00e9j\u00e0 vers\u00e9 \u00e0 titre de garantie. Pour modifier votre r\u00e9servation s\u2019il vous pla\u00eet contacter directement l\u2019H\u00f4tel dont les coordonn\u00e9es figurent sur \u200b\u200ble bon. Si vous demandez une modification visant \u00e0 r\u00e9duire le nombre de nuits ou de chambres ne rembourse pas le d\u00e9p\u00f4t de garantie n\u2019est pas prise en compte pour le paiement de la r\u00e9servation modifi\u00e9e.<\/p>\n","protected":false},"excerpt":{"rendered":"<p>CONDITIONS DE R\u00c9SERVATION S\u2019il vous pla\u00eet v\u00e9rifier avant de confirmer [&hellip;]<\/p>\n","protected":false},"author":1,"featured_media":0,"parent":0,"menu_order":0,"comment_status":"closed","ping_status":"closed","template":"","meta":{"footnotes":""},"class_list":["post-226","page","type-page","status-publish","hentry"],"_links":{"self":[{"href":"https:\/\/rent.zaapi.net\/fr\/wp-json\/wp\/v2\/pages\/226","targetHints":{"allow":["GET"]}}],"collection":[{"href":"https:\/\/rent.zaapi.net\/fr\/wp-json\/wp\/v2\/pages"}],"about":[{"href":"https:\/\/rent.zaapi.net\/fr\/wp-json\/wp\/v2\/types\/page"}],"author":[{"embeddable":true,"href":"https:\/\/rent.zaapi.net\/fr\/wp-json\/wp\/v2\/users\/1"}],"replies":[{"embeddable":true,"href":"https:\/\/rent.zaapi.net\/fr\/wp-json\/wp\/v2\/comments?post=226"}],"version-history":[{"count":1,"href":"https:\/\/rent.zaapi.net\/fr\/wp-json\/wp\/v2\/pages\/226\/revisions"}],"predecessor-version":[{"id":227,"href":"https:\/\/rent.zaapi.net\/fr\/wp-json\/wp\/v2\/pages\/226\/revisions\/227"}],"wp:attachment":[{"href":"https:\/\/rent.zaapi.net\/fr\/wp-json\/wp\/v2\/media?parent=226"}],"curies":[{"name":"wp","href":"https:\/\/api.w.org\/{rel}","templated":true}]}}