{"id":26,"date":"2017-11-27T20:08:44","date_gmt":"2017-11-27T19:08:44","guid":{"rendered":"https:\/\/rent.zaapi.net\/?page_id=26"},"modified":"2022-06-15T12:05:10","modified_gmt":"2022-06-15T10:05:10","slug":"accueil","status":"publish","type":"page","link":"https:\/\/rent.zaapi.net\/fr\/","title":{"rendered":"Accueil"},"content":{"rendered":"<div class=\"fusion-fullwidth fullwidth-box fusion-builder-row-1 nonhundred-percent-fullwidth non-hundred-percent-height-scrolling\"  style='background-color: rgba(255,255,255,0);background-position: center center;background-repeat: no-repeat;padding-top:0px;padding-right:0px;padding-bottom:0px;padding-left:0px;'><div class=\"fusion-builder-row fusion-row \"><div  class=\"fusion-layout-column fusion_builder_column fusion_builder_column_1_4 fusion-builder-column-0 fusion-one-fourth fusion-column-first 1_4\"  style='margin-top:0px;margin-bottom:20px;width:25%;width:calc(25% - ( ( 4% ) * 0.25 ) );margin-right: 4%;'><div class=\"fusion-column-wrapper\" style=\"padding: 0px 0px 0px 0px;background-position:left top;background-repeat:no-repeat;-webkit-background-size:cover;-moz-background-size:cover;-o-background-size:cover;background-size:cover;\"   data-bg-url=\"\"><div class=\"fusion-button-wrapper fusion-aligncenter\"><style type=\"text\/css\">.fusion-button.button-1 {border-radius:2px;}.fusion-button.button-1 .fusion-button-text {text-transform:uppercase;}<\/style><a class=\"fusion-button button-flat button-large button-default button-1 fusion-button-default-span fusion-button-default-type\" target=\"_self\" href=\"https:\/\/rent.zaapi.net\/fr\/galerie\/\"><i class=\"fa-images fas button-icon-left\"><\/i><span class=\"fusion-button-text\">Voir la galerie<\/span><\/a><\/div><div class=\"fusion-sep-clear\"><\/div><div class=\"fusion-separator fusion-full-width-sep sep-none\" style=\"margin-left: auto;margin-right: auto;margin-top:25px;margin-bottom:25px;\"><\/div><style type=\"text\/css\">@media only screen and (max-width:800px) {.fusion-title.fusion-title-1{margin-top:10px!important;margin-bottom:10px!important;}}<\/style><div class=\"fusion-title title fusion-title-1 fusion-sep-none fusion-title-text fusion-title-size-one hh_widget_title\" style=\"margin-top:0px;margin-bottom:31px;\"><h1 class=\"title-heading-left\" style=\"margin:0;\"><h2>BOOKING ONLINE<\/h2><\/h1><\/div><script src=\"https:\/\/hotels.cloudbeds.com\/widget\/load\/fUFR28\/horiz?newWindow=1\"><\/script><div class=\"fusion-sep-clear\"><\/div><div class=\"fusion-separator fusion-full-width-sep sep-none\" style=\"margin-left: auto;margin-right: auto;margin-top:25px;margin-bottom:25px;\"><\/div><style type=\"text\/css\">.fusion-accordian  #accordion-26-1 .panel-title a .fa-fusion-box{ color: #ffffff;}.fusion-accordian  #accordion-26-1 .panel-title a .fa-fusion-box:before{ font-size: 13px; width: 13px;}.fusion-accordian  #accordion-26-1 .panel-title a{font-size:13px;}.fusion-accordian  #accordion-26-1 .fa-fusion-box { background-color: #333333;border-color: #333333;}.fusion-accordian  #accordion-26-1 .panel-title a:hover, #accordion-26-1 .fusion-toggle-boxed-mode:hover .panel-title a { color: #a0ce4e;}.fusion-accordian  #accordion-26-1 .panel-title .active .fa-fusion-box,.fusion-accordian  #accordion-26-1 .panel-title a:hover .fa-fusion-box { background-color: #a0ce4e!important;border-color: #a0ce4e!important;}<\/style><div class=\"accordian fusion-accordian\"><div class=\"panel-group\" id=\"accordion-26-1\" role=\"tablist\"><div class=\"fusion-panel panel-default\" role=\"tabpanel\"><div class=\"panel-heading\"><h4 class=\"panel-title toggle\"><a aria-expanded=\"false\" aria-selected=\"false\" aria-controls=\"7a7d3efdcccef7a33\" role=\"tab\" data-toggle=\"collapse\" data-parent=\"#accordion-26-1\" data-target=\"#7a7d3efdcccef7a33\" href=\"#7a7d3efdcccef7a33\"><span class=\"fusion-toggle-icon-wrapper\" aria-hidden=\"true\"><i class=\"fa-fusion-box\"><\/i><\/span><span class=\"fusion-toggle-heading\">Technologie pour vous aider<\/span><\/a><\/h4><\/div><div id=\"7a7d3efdcccef7a33\" class=\"panel-collapse collapse \"><div class=\"panel-body toggle-content fusion-clearfix\">\n<p>Toutes nos chambres sont \u00e9quip\u00e9es de TV \u00e0 haute vitesse et Wifi. A la r\u00e9ception, nous avons un PC avec Internet et une imprimante pour consulter et imprimer tout ce dont vous avez besoin, gratuitement!<\/p>\n<\/div><\/div><\/div><div class=\"fusion-panel panel-default\" role=\"tabpanel\"><div class=\"panel-heading\"><h4 class=\"panel-title toggle\"><a aria-expanded=\"false\" aria-selected=\"false\" aria-controls=\"e461a8bef7ea5c68a\" role=\"tab\" data-toggle=\"collapse\" data-parent=\"#accordion-26-1\" data-target=\"#e461a8bef7ea5c68a\" href=\"#e461a8bef7ea5c68a\"><span class=\"fusion-toggle-icon-wrapper\" aria-hidden=\"true\"><i class=\"fa-fusion-box\"><\/i><\/span><span class=\"fusion-toggle-heading\">R\u00e9servez \u00e0 l'avance et \u00e9conomisez<\/span><\/a><\/h4><\/div><div id=\"e461a8bef7ea5c68a\" class=\"panel-collapse collapse \"><div class=\"panel-body toggle-content fusion-clearfix\">\n<p>La r\u00e9servation \u00e0 l&rsquo;avance vous profite. Si vous r\u00e9servez directement sur notre site, vous pouvez profiter de r\u00e9ductions et de promotions sp\u00e9ciales.<\/p>\n<\/div><\/div><\/div><div class=\"fusion-panel panel-default\" role=\"tabpanel\"><div class=\"panel-heading\"><h4 class=\"panel-title toggle\"><a aria-expanded=\"false\" aria-selected=\"false\" aria-controls=\"42a0bb245ee50b13d\" role=\"tab\" data-toggle=\"collapse\" data-parent=\"#accordion-26-1\" data-target=\"#42a0bb245ee50b13d\" href=\"#42a0bb245ee50b13d\"><span class=\"fusion-toggle-icon-wrapper\" aria-hidden=\"true\"><i class=\"fa-fusion-box\"><\/i><\/span><span class=\"fusion-toggle-heading\">Zones communautaires<\/span><\/a><\/h4><\/div><div id=\"42a0bb245ee50b13d\" class=\"panel-collapse collapse \"><div class=\"panel-body toggle-content fusion-clearfix\">\n<p>L&rsquo;\u00e9tablissement dispose d&rsquo;un espace commun avec cuisine commune et buanderie, avec s\u00e8che-linge et fer \u00e0 repasser pour les v\u00eatements ainsi qu&rsquo;une terrasse couverte o\u00f9 vous pouvez fumer et manger.<\/p>\n<\/div><\/div><\/div><div class=\"fusion-panel panel-default\" role=\"tabpanel\"><div class=\"panel-heading\"><h4 class=\"panel-title toggle\"><a aria-expanded=\"false\" aria-selected=\"false\" aria-controls=\"aed8554fa529a7021\" role=\"tab\" data-toggle=\"collapse\" data-parent=\"#accordion-26-1\" data-target=\"#aed8554fa529a7021\" href=\"#aed8554fa529a7021\"><span class=\"fusion-toggle-icon-wrapper\" aria-hidden=\"true\"><i class=\"fa-fusion-box\"><\/i><\/span><span class=\"fusion-toggle-heading\">Emplacement central<\/span><\/a><\/h4><\/div><div id=\"aed8554fa529a7021\" class=\"panel-collapse collapse \"><div class=\"panel-body toggle-content fusion-clearfix\">\n<p>Dans les 5 minutes il y a beaucoup d&rsquo;options de transport en commun. Nous sommes \u00e0 Sants, un quartier calme et s\u00fbr \u00e0 10 min. en m\u00e9tro du centre de Barcelone. La gare principale de Barcelone se trouve \u00e0 10 minutes \u00e0 pied et la Plaza Espa\u00f1a. Nous sommes proches de la foire de Barcelone.<\/p>\n<\/div><\/div><\/div><div class=\"fusion-panel panel-default\" role=\"tabpanel\"><div class=\"panel-heading\"><h4 class=\"panel-title toggle\"><a aria-expanded=\"false\" aria-selected=\"false\" aria-controls=\"6caa7d904a7e44e7d\" role=\"tab\" data-toggle=\"collapse\" data-parent=\"#accordion-26-1\" data-target=\"#6caa7d904a7e44e7d\" href=\"#6caa7d904a7e44e7d\"><span class=\"fusion-toggle-icon-wrapper\" aria-hidden=\"true\"><i class=\"fa-fusion-box\"><\/i><\/span><span class=\"fusion-toggle-heading\">Petit d\u00e9jeuner gratuit<\/span><\/a><\/h4><\/div><div id=\"6caa7d904a7e44e7d\" class=\"panel-collapse collapse \"><div class=\"panel-body toggle-content fusion-clearfix\">\n<p>Hostal House met \u00e0 votre disposition: caf\u00e9, plusieurs sortes de th\u00e9s, chocolat et p\u00e2tes assorties, le tout gratuitement!<\/p>\n<\/div><\/div><\/div><\/div><\/div><div class=\"fusion-clearfix\"><\/div><\/div><\/div><div  class=\"fusion-layout-column fusion_builder_column fusion_builder_column_3_4 fusion-builder-column-1 fusion-three-fourth fusion-column-last 3_4\"  style='margin-top:0px;margin-bottom:20px;width:75%;width:calc(75% - ( ( 4% ) * 0.75 ) );'><div class=\"fusion-column-wrapper\" style=\"padding: 0px 0px 0px 0px;background-position:left top;background-repeat:no-repeat;-webkit-background-size:cover;-moz-background-size:cover;-o-background-size:cover;background-size:cover;\"   data-bg-url=\"\">\t\t\t\t\t<div class=\"fusion-slider-container fusion-slider-sc-accueil fusion-slider-12 full-width-slider slider_home\" data-id=\"12\" style=\"height:400px; max-width:100%;\">\n\t\t\t\t\t\t<style type=\"text\/css\">.fusion-slider-12 .flex-direction-nav a {width:63px;height:63px;line-height:63px;font-size:25px;}<\/style>\t\t\t\t\t\t<div class=\"fusion-slider-loading\">Loading...<\/div>\n\t\t\t\t\t\t<div class=\"tfs-slider flexslider main-flex full-width-slider\" data-slider_width=\"100%\" data-slider_height=\"400px\" data-full_screen=\"0\" data-parallax=\"0\" data-nav_arrows=\"1\" data-nav_box_width=\"63px\" data-nav_box_height=\"63px\" data-nav_arrow_size=\"25px\" data-autoplay=\"1\" data-loop=\"0\" data-orderby=\"date\" data-order=\"DESC\" data-animation=\"fade\" data-typo_sensitivity=\"1\" data-typo_factor=\"1.5\" style=\"max-width:100%;\">\n\t\t\t\t\t\t\t<ul class=\"slides\">\n\t\t\t\t\t\t\t\t\t\t\t\t\t\t\t\t\t<li data-mute=\"yes\" data-loop=\"yes\" data-autoplay=\"yes\">\n\t\t\t\t\t\t\t\t\t\t<div class=\"slide-content-container slide-content-left\" style=\"display: none;\">\n\t\t\t\t\t\t\t\t\t\t\t<div class=\"slide-content\" style=\"\">\n\t\t\t\t\t\t\t\t\t\t\t\t\t\t\t\t\t\t\t\t\t\t\t\t\t\t\t\t\t\t\t\t\t\t\t\t\t\t\t\t\t\t\t\t\t\t\t<\/div>\n\t\t\t\t\t\t\t\t\t\t<\/div>\n\t\t\t\t\t\t\t\t\t\t\t\t\t\t\t\t\t\t\n\t\t\t\t\t\t\t\t\t\t\t\t\t\t\t\t\t\t\t\t\t\t\t\t\t\t\t\t\t\t<div class=\"background background-image\" style=\"background-image: url(https:\/\/rent.zaapi.net\/wp-content\/uploads\/2023\/02\/Hab-11_005-web.jpg);max-width:100%;height:400px;filter: progid:DXImageTransform.Microsoft.AlphaImageLoader(src='https:\/\/rent.zaapi.net\/wp-content\/uploads\/2023\/02\/Hab-11_005-web.jpg', sizingMethod='scale');\" data-imgwidth=\"1444\">\n\t\t\t\t\t\t\t\t\t\t\t\t\t\t\t\t\t\t\t\t\t\t\t\t\t\t\t\t\t\t\t\t\t\t\t\t\t\t\t\t\t\t\t\t\t\t\t\t\t\t\t\t\t\t\t\t\t\t\t\t\t\t\t\t\t\t<\/div>\n\t\t\t\t\t\t\t\t\t<\/li>\n\t\t\t\t\t\t\t\t\t\t\t\t\t\t\t\t\t\t\t\t\t\t\t<\/ul>\n\t\t\t\t\t\t<\/div>\n\t\t\t\t\t<\/div>\n\t\t\t\t\t\t\t\t<div class=\"fusion-text\"><p>Bienvenue \u00e0 <strong>Hostal House Barcelona<\/strong>, nous sommes \u00e0 Sants-Montjuich un quartier calme et s\u00fbr. Vous trouverez un arr\u00eat de bus \u00e0 300 m\u00e8tres de l&rsquo;\u00e9tablissement, tandis que la ligne de m\u00e9tro L8 vous permettra de rejoindre la Plaza Catalunya et Las Ramblas en 20 minutes et la gare principale de Barcelone, \u00e0 900 m\u00e8tres. L&rsquo;arr\u00eat de bus qui relie la gare s&rsquo;arr\u00eate devant l&rsquo;auberge. Les bus qui relient les terminaux 1 et 2 de l&rsquo;a\u00e9roport de Barcelone s&rsquo;arr\u00eatent \u00e0 300 m\u00e8tres. Ainsi que la ligne de m\u00e9tro 8 qui va \u00e0 la foire.<\/p>\n<\/div><div class=\"fusion-builder-row fusion-builder-row-inner fusion-row \"><div  class=\"fusion-layout-column fusion_builder_column fusion_builder_column_1_2 fusion-builder-nested-column-1 fusion-one-half fusion-column-first 1_2\"  style='margin-top: 0px;margin-bottom: 20px;width:48%; margin-right:4%;'>\n\t\t\t\t\t<div class=\"fusion-column-wrapper fusion-column-wrapper-1\" style=\"padding: 0px 0px 0px 0px;background-position:left top;background-repeat:no-repeat;-webkit-background-size:cover;-moz-background-size:cover;-o-background-size:cover;background-size:cover;\" data-bg-url=\"\">\n\t\t\t\t\t\t<span class=\"fusion-imageframe imageframe-none imageframe-1 hover-type-none\"><img loading=\"lazy\" decoding=\"async\" src=\"https:\/\/rent.zaapi.net\/wp-content\/uploads\/2018\/01\/descuento_fr.jpg\" width=\"380\" height=\"380\" alt=\"\" title=\"descuento_fr\" class=\"img-responsive wp-image-372\" srcset=\"https:\/\/rent.zaapi.net\/wp-content\/uploads\/2018\/01\/descuento_fr-200x200.jpg 200w, https:\/\/rent.zaapi.net\/wp-content\/uploads\/2018\/01\/descuento_fr.jpg 380w\" sizes=\"auto, (max-width: 800px) 100vw, 380px\" \/><\/span>\n\n\t\t\t\t\t<\/div>\n\t\t\t\t<\/div><div  class=\"fusion-layout-column fusion_builder_column fusion_builder_column_1_2 fusion-builder-nested-column-2 fusion-one-half fusion-column-last 1_2\"  style='margin-top: 0px;margin-bottom: 20px;width:48%'>\n\t\t\t\t\t<div class=\"fusion-column-wrapper fusion-column-wrapper-2\" style=\"padding: 0px 0px 0px 0px;background-position:left top;background-repeat:no-repeat;-webkit-background-size:cover;-moz-background-size:cover;-o-background-size:cover;background-size:cover;\" data-bg-url=\"\">\n\t\t\t\t\t\t<div class=\"fusion-text\"><h2>TOUT EST AVANTAGES SI VOUS R\u00c9SERVEZ AVEC NOUS<\/h2>\n<\/div><ul class=\"fusion-checklist fusion-checklist-1\" style=\"font-size:13px;line-height:22.1px;\"><li class=\"fusion-li-item\"><span style=\"background-color:#a0ce4e;font-size:11.44px;height:22.1px;width:22.1px;margin-right:9.1px;\" class=\"icon-wrapper circle-yes\"><i class=\"fusion-li-icon fa fa-check\" style=\"color:#ffffff;\"><\/i><\/span><div class=\"fusion-li-item-content\" style=\"margin-left:31.2px;\">\n<p><strong>Meilleur prix garanti<\/strong>. En r\u00e9servant directement sur notre site ou par t\u00e9l\u00e9phone, 10% de r\u00e9duction, utilisez le code promotionnel HOUSE10<\/p>\n<\/div><\/li><li class=\"fusion-li-item\"><span style=\"background-color:#a0ce4e;font-size:11.44px;height:22.1px;width:22.1px;margin-right:9.1px;\" class=\"icon-wrapper circle-yes\"><i class=\"fusion-li-icon fa fa-check\" style=\"color:#ffffff;\"><\/i><\/span><div class=\"fusion-li-item-content\" style=\"margin-left:31.2px;\">\n<p><strong>Wi-Fi gratuit<\/strong> dans toute l&rsquo;auberge<\/p>\n<\/div><\/li><li class=\"fusion-li-item\"><span style=\"background-color:#a0ce4e;font-size:11.44px;height:22.1px;width:22.1px;margin-right:9.1px;\" class=\"icon-wrapper circle-yes\"><i class=\"fusion-li-icon fa fa-check\" style=\"color:#ffffff;\"><\/i><\/span><div class=\"fusion-li-item-content\" style=\"margin-left:31.2px;\">\n<p><strong>S\u00e9lectionnez votre chambre<\/strong>: En toute libert\u00e9 et selon vos pr\u00e9f\u00e9rences.<\/p>\n<\/div><\/li><li class=\"fusion-li-item\"><span style=\"background-color:#a0ce4e;font-size:11.44px;height:22.1px;width:22.1px;margin-right:9.1px;\" class=\"icon-wrapper circle-yes\"><i class=\"fusion-li-icon fa fa-check\" style=\"color:#ffffff;\"><\/i><\/span><div class=\"fusion-li-item-content\" style=\"margin-left:31.2px;\">\n<p><strong>Processus de r\u00e9servation facile et s\u00e9curis\u00e9<\/strong><\/p>\n<\/div><\/li><li class=\"fusion-li-item\"><span style=\"background-color:#a0ce4e;font-size:11.44px;height:22.1px;width:22.1px;margin-right:9.1px;\" class=\"icon-wrapper circle-yes\"><i class=\"fusion-li-icon fa fa-check\" style=\"color:#ffffff;\"><\/i><\/span><div class=\"fusion-li-item-content\" style=\"margin-left:31.2px;\">\n<p>Modification des dates dans les chambres non remboursables (avant 72 heures et sous r\u00e9serve de disponibilit\u00e9)<\/p>\n<\/div><\/li><\/ul>\n\n\t\t\t\t\t<\/div>\n\t\t\t\t<\/div><\/div><div class=\"fusion-clearfix\"><\/div><\/div><\/div><\/div><\/div>\n","protected":false},"excerpt":{"rendered":"","protected":false},"author":1,"featured_media":0,"parent":0,"menu_order":0,"comment_status":"closed","ping_status":"closed","template":"","meta":{"footnotes":""},"class_list":["post-26","page","type-page","status-publish","hentry"],"_links":{"self":[{"href":"https:\/\/rent.zaapi.net\/fr\/wp-json\/wp\/v2\/pages\/26","targetHints":{"allow":["GET"]}}],"collection":[{"href":"https:\/\/rent.zaapi.net\/fr\/wp-json\/wp\/v2\/pages"}],"about":[{"href":"https:\/\/rent.zaapi.net\/fr\/wp-json\/wp\/v2\/types\/page"}],"author":[{"embeddable":true,"href":"https:\/\/rent.zaapi.net\/fr\/wp-json\/wp\/v2\/users\/1"}],"replies":[{"embeddable":true,"href":"https:\/\/rent.zaapi.net\/fr\/wp-json\/wp\/v2\/comments?post=26"}],"version-history":[{"count":14,"href":"https:\/\/rent.zaapi.net\/fr\/wp-json\/wp\/v2\/pages\/26\/revisions"}],"predecessor-version":[{"id":535,"href":"https:\/\/rent.zaapi.net\/fr\/wp-json\/wp\/v2\/pages\/26\/revisions\/535"}],"wp:attachment":[{"href":"https:\/\/rent.zaapi.net\/fr\/wp-json\/wp\/v2\/media?parent=26"}],"curies":[{"name":"wp","href":"https:\/\/api.w.org\/{rel}","templated":true}]}}