{"id":28,"date":"2017-11-27T20:09:18","date_gmt":"2017-11-27T19:09:18","guid":{"rendered":"https:\/\/rent.zaapi.net\/?page_id=28"},"modified":"2018-01-25T21:15:39","modified_gmt":"2018-01-25T20:15:39","slug":"emplacement","status":"publish","type":"page","link":"https:\/\/rent.zaapi.net\/fr\/emplacement\/","title":{"rendered":"Emplacement"},"content":{"rendered":"<div class=\"fusion-fullwidth fullwidth-box fusion-builder-row-1 nonhundred-percent-fullwidth non-hundred-percent-height-scrolling\"  style='background-color: rgba(255,255,255,0);background-position: center center;background-repeat: no-repeat;padding-top:0px;padding-right:0px;padding-bottom:0px;padding-left:0px;'><div class=\"fusion-builder-row fusion-row \"><div  class=\"fusion-layout-column fusion_builder_column fusion_builder_column_1_1 fusion-builder-column-0 fusion-one-full fusion-column-first fusion-column-last 1_1\"  style='margin-top:0px;margin-bottom:20px;'><div class=\"fusion-column-wrapper\" style=\"padding: 0px 0px 0px 0px;background-position:left top;background-repeat:no-repeat;-webkit-background-size:cover;-moz-background-size:cover;-o-background-size:cover;background-size:cover;\"   data-bg-url=\"\">\t\t\t\t\t<script type=\"text\/javascript\">\n\t\t\t\t\t\tvar map_fusion_map_69e3981eee0dc;\n\t\t\t\t\t\tvar markers = [];\n\t\t\t\t\t\tvar counter = 0;\n\t\t\t\t\t\t\t\t\t\t\t\t\t\t\t\t\t\t\t\tvar fusionMapNonce = 'c728388616';\n\t\t\t\t\t\t\t\t\t\t\t\tfunction fusion_run_map_fusion_map_69e3981eee0dc() {\n\t\t\t\t\t\t\tjQuery('#fusion_map_69e3981eee0dc').fusion_maps({\n\t\t\t\t\t\t\t\taddresses: [{\"address\":\"Constituci\\u00f3 36 08004 Barcelona\",\"infobox_content\":\"Constituci\\u00f3 36 08004 Barcelona\",\"coordinates\":false,\"cache\":true,\"latitude\":\"41.369898\",\"longitude\":\"2.1366603999999825\"}],\n\t\t\t\t\t\t\t\tanimations: false,\n\t\t\t\t\t\t\t\tinfobox_background_color: '',\n\t\t\t\t\t\t\t\tinfobox_styling: 'default',\n\t\t\t\t\t\t\t\tinfobox_text_color: '',\n\t\t\t\t\t\t\t\tmap_style: 'default',\n\t\t\t\t\t\t\t\tmap_type: 'roadmap',\n\t\t\t\t\t\t\t\tmarker_icon: '',\n\t\t\t\t\t\t\t\toverlay_color: '',\n\t\t\t\t\t\t\t\toverlay_color_hsl: {\"hue\":0,\"sat\":0,\"lum\":100},\n\t\t\t\t\t\t\t\tpan_control: true,\n\t\t\t\t\t\t\t\tshow_address: true,\n\t\t\t\t\t\t\t\tscale_control: true,\n\t\t\t\t\t\t\t\tscrollwheel: false,\n\t\t\t\t\t\t\t\tzoom: 15,\n\t\t\t\t\t\t\t\tzoom_control: true,\n\t\t\t\t\t\t\t});\n\t\t\t\t\t\t}\n\n\t\t\t\t\t\tgoogle.maps.event.addDomListener(window, 'load', fusion_run_map_fusion_map_69e3981eee0dc);\n\t\t\t\t\t<\/script>\n\t\t\t\t\t<div class=\"shortcode-map fusion-google-map fusion-maps-js-type\" id=\"fusion_map_69e3981eee0dc\" style=\"height:300px;width:100%;\"><\/div><div class=\"fusion-builder-row fusion-builder-row-inner fusion-row \"><div  class=\"fusion-layout-column fusion_builder_column fusion_builder_column_1_4 fusion-builder-nested-column-1 fusion-one-fourth fusion-column-first 1_4\"  style='margin-top: 0px;margin-bottom: 20px;width:25%;width:calc(25% - ( ( 4% ) * 0.25 ) );margin-right:4%;'>\n\t\t\t\t\t<div class=\"fusion-column-wrapper fusion-column-wrapper-1\" style=\"padding: 0px 0px 0px 0px;background-position:left top;background-repeat:no-repeat;-webkit-background-size:cover;-moz-background-size:cover;-o-background-size:cover;background-size:cover;\" data-bg-url=\"\">\n\t\t\t\t\t\t<style type=\"text\/css\">@media only screen and (max-width:800px) {.fusion-title.fusion-title-1{margin-top:10px!important;margin-bottom:10px!important;}}<\/style><div class=\"fusion-title title fusion-title-1 fusion-sep-none fusion-title-text fusion-title-size-one hh_widget_title\" style=\"margin-top:30px;margin-bottom:31px;\"><h1 class=\"title-heading-left\" style=\"margin:0;\"><h2>BOOKING ONLINE<\/h2><\/h1><\/div><script src=\"https:\/\/hotels.cloudbeds.com\/widget\/load\/fUFR28\/horiz?newWindow=1\"><\/script>\n\n\t\t\t\t\t<\/div>\n\t\t\t\t<\/div><div  class=\"fusion-layout-column fusion_builder_column fusion_builder_column_3_4 fusion-builder-nested-column-2 fusion-three-fourth fusion-column-last 3_4\"  style='margin-top: 0px;margin-bottom: 20px;width:75%;width:calc(75% - ( ( 4% ) * 0.75 ) );'>\n\t\t\t\t\t<div class=\"fusion-column-wrapper fusion-column-wrapper-2\" style=\"padding: 0px 0px 0px 0px;background-position:left top;background-repeat:no-repeat;-webkit-background-size:cover;-moz-background-size:cover;-o-background-size:cover;background-size:cover;\" data-bg-url=\"\">\n\t\t\t\t\t\t<div class=\"fusion-text\"><article class=\"uk-article\">\n<h1 class=\"uk-article-title\">Emplacement<\/h1>\n<div>\n<p>Nous sommes \u00e0 Sants, un quartier calme et s\u00fbr \u00e0 10 min. en m\u00e9tro du centre de Barcelone. Hostal House est tr\u00e8s bien situ\u00e9 \u00e0 la fois pour le tourisme et pour visiter la Feria de Barcelone, et b\u00e9n\u00e9ficie d&rsquo;excellentes communications avec le reste de la ville. La gare principale de Barcelone (Estaci\u00f3n de Sants) et la Plaza Espa\u00f1a se trouvent \u00e0 15 minutes \u00e0 pied.<\/p>\n<p>Comment arriver:<\/p>\n<p><strong>Du m\u00e9tro<\/strong><\/p>\n<p>La station la plus proche est Mercat Nou, Ligne 1 (rouge) \u00e0 300 m\u00e8tres ou aussi Ligne 8 Mag\u00f2ria-La Campana.<\/p>\n<p><strong>De la gare<\/strong><\/p>\n<p>Sants Estaci\u00f3 est \u00e0 15 min. \u00e0 pieds. Cette gare offre des liaisons vers l&rsquo;a\u00e9roport et les trains \u00e0 grande vitesse AVE, ainsi que vers la ligne 3 du m\u00e9tro (Sants Estaci\u00f3- L3).<\/p>\n<p><strong>De l&rsquo;a\u00e9roport<\/strong><\/p>\n<p>Le trajet en taxi de l&rsquo;a\u00e9roport prend environ 20 minutes. dans des conditions de circulation normales.<\/p>\n<p>Avec l&rsquo;Aerobus, vous devez descendre \u00e0 l&rsquo;arr\u00eat Pla\u00e7a Espanya (1er arr\u00eat). De la Plaza Espa\u00f1a vous pouvez marcher 15 minutes, ou prendre le m\u00e9tro ou le bus.<\/p>\n<p>Les lignes de bus 46 &#8211; 16 et 17 s&rsquo;arr\u00eatent \u00e0 300 m\u00e8tres, arr\u00eatent \u00ab\u00a0Magoria Campana\u00a0\u00bb, le prix du billet est de 2,30 \u20ac et le trajet dure de 20 \u00e0 30 minutes.<\/p>\n<p>Avec le train, descendez \u00e0 Sants Estaci\u00f3. Tous les trains au d\u00e9part de l&rsquo;a\u00e9roport s&rsquo;arr\u00eatent \u00e0 Sants Estaci\u00f3 mais la fr\u00e9quence est toutes les 30 min.<\/p>\n<p><strong>En bus<\/strong><\/p>\n<p>La ligne 91 s&rsquo;arr\u00eate \u00e0 200 m\u00e8tres de l&rsquo;Hostal House. La ligne H16 se connecte avec le centre de Barcelone 24 heures et les lignes 46-16-17 qui relient aux terminaux de l&rsquo;a\u00e9roport T1 et T2 24 heures, sont \u00e0 300 m\u00e8tres.<\/p>\n<p>Plus d&rsquo;informations sur les transports en commun \u00e0 Barcelone: \u200b\u200bhttp:\/\/www.tmb.net<\/p>\n<p>Si vous voulez visiter la carte en ligne de la ville http:\/\/www.bcn.cat\/guia\/welcomec.htm<\/p>\n<\/div>\n<\/article>\n<\/div>\n\n\t\t\t\t\t<\/div>\n\t\t\t\t<\/div><\/div><div class=\"fusion-clearfix\"><\/div><\/div><\/div><\/div><\/div>\n","protected":false},"excerpt":{"rendered":"","protected":false},"author":1,"featured_media":0,"parent":0,"menu_order":0,"comment_status":"closed","ping_status":"closed","template":"","meta":{"footnotes":""},"class_list":["post-28","page","type-page","status-publish","hentry"],"_links":{"self":[{"href":"https:\/\/rent.zaapi.net\/fr\/wp-json\/wp\/v2\/pages\/28","targetHints":{"allow":["GET"]}}],"collection":[{"href":"https:\/\/rent.zaapi.net\/fr\/wp-json\/wp\/v2\/pages"}],"about":[{"href":"https:\/\/rent.zaapi.net\/fr\/wp-json\/wp\/v2\/types\/page"}],"author":[{"embeddable":true,"href":"https:\/\/rent.zaapi.net\/fr\/wp-json\/wp\/v2\/users\/1"}],"replies":[{"embeddable":true,"href":"https:\/\/rent.zaapi.net\/fr\/wp-json\/wp\/v2\/comments?post=28"}],"version-history":[{"count":5,"href":"https:\/\/rent.zaapi.net\/fr\/wp-json\/wp\/v2\/pages\/28\/revisions"}],"predecessor-version":[{"id":386,"href":"https:\/\/rent.zaapi.net\/fr\/wp-json\/wp\/v2\/pages\/28\/revisions\/386"}],"wp:attachment":[{"href":"https:\/\/rent.zaapi.net\/fr\/wp-json\/wp\/v2\/media?parent=28"}],"curies":[{"name":"wp","href":"https:\/\/api.w.org\/{rel}","templated":true}]}}